{"id":3554,"date":"2022-10-09T14:38:23","date_gmt":"2022-10-09T17:38:23","guid":{"rendered":"http:\/\/localhost\/portalabrace\/?page_id=3554"},"modified":"2022-10-29T19:58:42","modified_gmt":"2022-10-29T22:58:42","slug":"socios-institucionais","status":"publish","type":"page","link":"https:\/\/portalabrace.org\/novo2022\/socios-institucionais\/","title":{"rendered":"S\u00f3cios Institucionais"},"content":{"rendered":"\t\t<div data-elementor-type=\"wp-page\" data-elementor-id=\"3554\" class=\"elementor elementor-3554\" data-elementor-post-type=\"page\">\n\t\t\t\t<div class=\"elementor-element elementor-element-86e75a6 e-flex e-con-boxed e-con e-parent\" data-id=\"86e75a6\" data-element_type=\"container\" data-e-type=\"container\">\n\t\t\t\t\t<div class=\"e-con-inner\">\n\t\t\t\t<div class=\"elementor-element elementor-element-8a40ac3 elementor-widget elementor-widget-text-editor\" data-id=\"8a40ac3\" data-element_type=\"widget\" data-e-type=\"widget\" data-widget_type=\"text-editor.default\">\n\t\t\t\t<div class=\"elementor-widget-container\">\n\t\t\t\t\t\t\t\t\t<p><span style=\"font-weight: 400;\">UFAC &#8211; <\/span><span style=\"font-weight: 400;\">Centro de Educa\u00e7\u00e3o Letras e Artes \u2013 CELA \u2013 (Programa de P\u00f3s- Gradua\u00e7\u00e3o em Artes C\u00eanicas \u2013 PPGAC) <a href=\"mailto:ppg.acenicas@ufac.br\">ppg.acenicas@ufac.br<\/a><\/span><\/p><p>USP &#8211; Escola de Comunica\u00e7\u00e3o e Artes &#8211; (Programa de P\u00f3s-gradua\u00e7\u00e3o em Artes C\u00eanicas)\u00a0<span id=\"cloakc892fd07959f9f78b144e259d1beffbd\"><a href=\"mailto:ppgac@usp.br\">ppgac@usp.br<\/a><\/span><\/p><p>UDESC &#8211; Centro de Artes\u00a0 (Programa de P\u00f3s-gradua\u00e7\u00e3o em Teatro)\u00a0<span id=\"cloak74f0f365ae61f7607f46be92c6b42f65\"><a href=\"mailto:ppgt.ceart@udesc.br\">ppgt.ceart@udesc.br<\/a><\/span><\/p><p>UFBA &#8211; Escola de Teatro &#8211; (Programa de P\u00f3s-gradua\u00e7\u00e3o em Artes C\u00eanicas)\u00a0<span id=\"cloakdea3f6306dd3e27a47301da7244a6886\"><a href=\"mailto:ppgac@ufba.br\">ppgac@ufba.br<\/a><\/span><\/p><p>UFBA &#8211; Escola de Dan\u00e7a (Programa de P\u00f3s-gradua\u00e7\u00e3o em Dan\u00e7a)\u00a0<span id=\"cloaka137d4120cab3fd9aba686acefe8f299\"><a href=\"mailto:ppgdanca@ufba.br\">ppgdanca@ufba.br<\/a><\/span><\/p><p>UFMG &#8211;\u00a0 Escola de Belas Artes &#8211; (Programa de P\u00f3s-gradua\u00e7\u00e3o em Artes)\u00a0<span id=\"cloaka2d3f40e3879c021b18c0fa8b5e2863f\"><a href=\"mailto:poseba@ufmg.br\">poseba@ufmg.br<\/a><\/span><\/p><p>UNICAMP &#8211; Instituto de Artes &#8211; (Programa de P\u00f3s-gradua\u00e7\u00e3o em Artes) <a href=\"http:\/\/www.iar.unicamp.br\/posgraduacao\/contato.v2.php\">http:\/\/www.iar.unicamp.br\/posgraduacao\/contato.v2.php<\/a><\/p><p>UNIRIO &#8211;\u00a0 Centro de Letras e Artes &#8211; (Programa de P\u00f3s-gradua\u00e7\u00e3o em Artes C\u00eanicas)\u00a0<span id=\"cloak9059a97f407e59d78ce7fd092558245d\"><a href=\"mailto:cla-ppgac@unirio.br\">cla-ppgac@unirio.br<\/a><\/span><\/p><p>UFRGS &#8211; Instituto de Artes (Programa de P\u00f3s-gradua\u00e7\u00e3o em Artes C\u00eanicas)\u00a0<span id=\"cloak106641dbbd6f1ffeb316de1914bcbe4d\"><a href=\"mailto:ppgac@ufrgs.br\">ppgac@ufrgs.br<\/a><\/span><\/p><p>UNB \u2013 Instituto de Artes &#8211; (Mestrado e Doutorado em Arte)\u00a0<span id=\"cloak27392701128cc02f1a70b10d6ff413cd\"><a href=\"mailto:idapos@unb.br\">idapos@unb.br<\/a><\/span><\/p><p>UFRN &#8211; Departamento de Artes &#8211; (Mestrado em Artes C\u00eanicas)\u00a0<span id=\"cloak72c9a356bd9814ef5b1138c99aab9e7f\"><a href=\"mailto:ppgarc@cchla.ufrn.br\">ppgarc@cchla.ufrn.br<\/a><\/span><\/p><p>UFF &#8211; Instituto de Ci\u00eancia da Arte &#8211; (Programa de P\u00f3s-Gradua\u00e7\u00e3o em Ci\u00eancia da Arte)\u00a0<span id=\"cloakf999e60eddaef61ac0046fc03f013348\"><a href=\"mailto:secretaria_ppgca@vm.uff.br\">secretaria_ppgca@vm.uff.br<\/a><\/span><\/p><p>UFU &#8211; Instituto de Artes (Programa de P\u00f3s-Gradua\u00e7\u00e3o em Artes)\u00a0<span id=\"cloak4f4a00669452f49e082b8f8337f36b30\"><a href=\"mailto:posartes@fafcs.ufu.br\">posartes@fafcs.ufu.br<\/a><\/span><\/p><p>UFMT &#8211; Instituto de Linguagens (IL) &#8211; Programa de P\u00f3s-Gradua\u00e7\u00e3o em Estudos de Cultura Contempor\u00e2nea\u00a0<span id=\"cloak5c4542110ec4249df775b3a4c2ae02f1\"><a href=\"mailto:ecco@ufmt.br\">ecco@ufmt.br<\/a><\/span><\/p><p>UFG &#8211; Programa de P\u00f3s-gradua\u00e7\u00e3o em Performances Culturais\u00a0<span id=\"cloak708f1d7d1cf3974c1227d5d46e70be41\"><a href=\"mailto:performancesculturaispos@gmail.com\">performancesculturaispos@gmail.com<\/a><\/span><\/p><p><span style=\"font-weight: 400;\">UFPA &#8211; <\/span><span style=\"font-weight: 400;\">Instituto de Ci\u00eancias da Arte\/ICA &#8211; (Programa de P\u00f3s-Gradua\u00e7\u00e3o em Artes\/PPGArtes) <\/span><a href=\"mailto:ufpa.ppgartes@gmail.com\"><span style=\"font-weight: 400;\">ufpa.ppgartes@gmail.com<\/span><\/a><span style=\"font-weight: 400;\">\u00a0<\/span><\/p><p><span style=\"font-weight: 400;\">UFMA &#8211; Departamento de Artes C\u00eanicas &#8211; (Programa de p\u00f3s gradua\u00e7\u00e3o em artes c\u00eanicas \/ Ppgac) <\/span><a href=\"mailto:ppgac@ufma.br\"><span style=\"font-weight: 400;\">ppgac@ufma.br<\/span><\/a><span style=\"font-weight: 400;\">\u00a0<\/span><\/p><p><span style=\"font-weight: 400;\">UFOP &#8211; <\/span><span style=\"font-weight: 400;\">Instituto de Filosofia, Art e Cultura \/IFAC- (Programa de P\u00f3s-Gradua\u00e7\u00e3o em Artes C\u00eanicas \/ PPGAC) <\/span><a href=\"mailto:ppgac@ufop.edu.br\"><span style=\"font-weight: 400;\">ppgac@ufop.edu.br<\/span><\/a><\/p><p><span style=\"font-weight: 400;\">UFSJ &#8211; Departamento de Artes da Cena\/DEACE \u2013 (Programa de P\u00f3s-gradua\u00e7\u00e3o em Artes C\u00eanicas\/PPGAC) <\/span><a href=\"mailto:ppgac@ufsj.edu.br\"><span style=\"font-weight: 400;\">ppgac@ufsj.edu.br<\/span><\/a><span style=\"font-weight: 400;\">\u00a0<\/span><\/p><p><span style=\"font-weight: 400;\">UFRJ &#8211; Escola de Comunica\u00e7\u00e3o &#8211; ECO &#8211; (Programa de P\u00f3s-Gradua\u00e7\u00e3o em Artes da Cena PPGAC) <\/span><span style=\"font-weight: 400;\">\u00a0<a href=\"mailto:secretaria.ppgac@eco.ufrj.br\">secretaria.ppgac@eco.ufrj.br<\/a><\/span><span style=\"font-weight: 400;\">\u00a0<\/span><\/p><p><span style=\"font-weight: 400;\">UNESP \u2013\u00a0 Departamento de Artes (DeArtes) &#8211; (Programa de P\u00f3s Gradua\u00e7\u00e3o em Artes &#8211; IA Unesp) <\/span><a href=\"mailto:posgraduacao.ia@unesp.br\"><span style=\"font-weight: 400;\">posgraduacao.ia@unesp.br<\/span><\/a><span style=\"font-weight: 400;\">\u00a0<\/span><\/p>\t\t\t\t\t\t\t\t<\/div>\n\t\t\t\t<\/div>\n\t\t\t\t\t<\/div>\n\t\t\t\t<\/div>\n\t\t\t\t<\/div>\n\t\t","protected":false},"excerpt":{"rendered":"<p>UFAC &#8211; Centro de Educa\u00e7\u00e3o Letras e Artes \u2013 CELA \u2013 (Programa de P\u00f3s- Gradua\u00e7\u00e3o em Artes C\u00eanicas \u2013 PPGAC) ppg.acenicas@ufac.br USP &#8211; Escola de Comunica\u00e7\u00e3o e Artes &#8211; (Programa de P\u00f3s-gradua\u00e7\u00e3o em Artes C\u00eanicas)\u00a0ppgac@usp.br UDESC &#8211; Centro de Artes\u00a0 (Programa de P\u00f3s-gradua\u00e7\u00e3o em Teatro)\u00a0ppgt.ceart@udesc.br UFBA &#8211; Escola de Teatro &#8211; (Programa de P\u00f3s-gradua\u00e7\u00e3o em [&hellip;]<\/p>\n","protected":false},"author":1,"featured_media":0,"parent":0,"menu_order":0,"comment_status":"closed","ping_status":"closed","template":"","meta":{"jetpack_post_was_ever_published":false,"footnotes":""},"class_list":["post-3554","page","type-page","status-publish","hentry"],"blocksy_meta":{"styles_descriptor":{"styles":{"desktop":"","tablet":"","mobile":""},"google_fonts":[],"version":6}},"yoast_head":"<!-- This site is optimized with the Yoast SEO plugin v27.2 - https:\/\/yoast.com\/product\/yoast-seo-wordpress\/ -->\n<title>S\u00f3cios Institucionais - Portal ABRACE<\/title>\n<meta name=\"robots\" content=\"index, follow, max-snippet:-1, max-image-preview:large, max-video-preview:-1\" \/>\n<link rel=\"canonical\" href=\"http:\/\/portalabrace.org\/novo2022\/socios-institucionais\/\" \/>\n<meta property=\"og:locale\" content=\"pt_BR\" \/>\n<meta property=\"og:type\" content=\"article\" \/>\n<meta property=\"og:title\" content=\"S\u00f3cios Institucionais - Portal ABRACE\" \/>\n<meta property=\"og:description\" content=\"UFAC &#8211; Centro de Educa\u00e7\u00e3o Letras e Artes \u2013 CELA \u2013 (Programa de P\u00f3s- Gradua\u00e7\u00e3o em Artes C\u00eanicas \u2013 PPGAC) ppg.acenicas@ufac.br USP &#8211; Escola de Comunica\u00e7\u00e3o e Artes &#8211; (Programa de P\u00f3s-gradua\u00e7\u00e3o em Artes C\u00eanicas)\u00a0ppgac@usp.br UDESC &#8211; Centro de Artes\u00a0 (Programa de P\u00f3s-gradua\u00e7\u00e3o em Teatro)\u00a0ppgt.ceart@udesc.br UFBA &#8211; Escola de Teatro &#8211; (Programa de P\u00f3s-gradua\u00e7\u00e3o em [&hellip;]\" \/>\n<meta property=\"og:url\" content=\"http:\/\/portalabrace.org\/novo2022\/socios-institucionais\/\" \/>\n<meta property=\"og:site_name\" content=\"Portal ABRACE\" \/>\n<meta property=\"article:publisher\" content=\"https:\/\/www.facebook.com\/portalabrace.org\/\" \/>\n<meta property=\"article:modified_time\" content=\"2022-10-29T22:58:42+00:00\" \/>\n<meta name=\"twitter:card\" content=\"summary_large_image\" \/>\n<meta name=\"twitter:label1\" content=\"Est. tempo de leitura\" \/>\n\t<meta name=\"twitter:data1\" content=\"2 minutos\" \/>\n<script type=\"application\/ld+json\" class=\"yoast-schema-graph\">{\"@context\":\"https:\/\/schema.org\",\"@graph\":[{\"@type\":\"WebPage\",\"@id\":\"http:\/\/portalabrace.org\/novo2022\/socios-institucionais\/\",\"url\":\"http:\/\/portalabrace.org\/novo2022\/socios-institucionais\/\",\"name\":\"S\u00f3cios Institucionais - Portal ABRACE\",\"isPartOf\":{\"@id\":\"http:\/\/portalabrace.org\/novo2022\/#website\"},\"datePublished\":\"2022-10-09T17:38:23+00:00\",\"dateModified\":\"2022-10-29T22:58:42+00:00\",\"breadcrumb\":{\"@id\":\"http:\/\/portalabrace.org\/novo2022\/socios-institucionais\/#breadcrumb\"},\"inLanguage\":\"pt-BR\",\"potentialAction\":[{\"@type\":\"ReadAction\",\"target\":[\"http:\/\/portalabrace.org\/novo2022\/socios-institucionais\/\"]}]},{\"@type\":\"BreadcrumbList\",\"@id\":\"http:\/\/portalabrace.org\/novo2022\/socios-institucionais\/#breadcrumb\",\"itemListElement\":[{\"@type\":\"ListItem\",\"position\":1,\"name\":\"In\u00edcio\",\"item\":\"http:\/\/portalabrace.org\/novo2022\/\"},{\"@type\":\"ListItem\",\"position\":2,\"name\":\"S\u00f3cios Institucionais\"}]},{\"@type\":\"WebSite\",\"@id\":\"http:\/\/portalabrace.org\/novo2022\/#website\",\"url\":\"http:\/\/portalabrace.org\/novo2022\/\",\"name\":\"Portal ABRACE\",\"description\":\"Associa\u00e7\u00e3o Brasileira de Pesquisa e P\u00f3s-gradua\u00e7\u00e3o em Artes C\u00eanicas\",\"publisher\":{\"@id\":\"http:\/\/portalabrace.org\/novo2022\/#organization\"},\"potentialAction\":[{\"@type\":\"SearchAction\",\"target\":{\"@type\":\"EntryPoint\",\"urlTemplate\":\"http:\/\/portalabrace.org\/novo2022\/?s={search_term_string}\"},\"query-input\":{\"@type\":\"PropertyValueSpecification\",\"valueRequired\":true,\"valueName\":\"search_term_string\"}}],\"inLanguage\":\"pt-BR\"},{\"@type\":\"Organization\",\"@id\":\"http:\/\/portalabrace.org\/novo2022\/#organization\",\"name\":\"Portal ABRACE\",\"url\":\"http:\/\/portalabrace.org\/novo2022\/\",\"logo\":{\"@type\":\"ImageObject\",\"inLanguage\":\"pt-BR\",\"@id\":\"http:\/\/portalabrace.org\/novo2022\/#\/schema\/logo\/image\/\",\"url\":\"https:\/\/i0.wp.com\/portalabrace.org\/novo2022\/wp-content\/uploads\/2022\/12\/logo-abrace.png?fit=2962%2C616&ssl=1\",\"contentUrl\":\"https:\/\/i0.wp.com\/portalabrace.org\/novo2022\/wp-content\/uploads\/2022\/12\/logo-abrace.png?fit=2962%2C616&ssl=1\",\"width\":2962,\"height\":616,\"caption\":\"Portal ABRACE\"},\"image\":{\"@id\":\"http:\/\/portalabrace.org\/novo2022\/#\/schema\/logo\/image\/\"},\"sameAs\":[\"https:\/\/www.facebook.com\/portalabrace.org\/\",\"https:\/\/www.instagram.com\/portalabrace\/\"]}]}<\/script>\n<!-- \/ Yoast SEO plugin. -->","yoast_head_json":{"title":"S\u00f3cios Institucionais - Portal ABRACE","robots":{"index":"index","follow":"follow","max-snippet":"max-snippet:-1","max-image-preview":"max-image-preview:large","max-video-preview":"max-video-preview:-1"},"canonical":"http:\/\/portalabrace.org\/novo2022\/socios-institucionais\/","og_locale":"pt_BR","og_type":"article","og_title":"S\u00f3cios Institucionais - Portal ABRACE","og_description":"UFAC &#8211; Centro de Educa\u00e7\u00e3o Letras e Artes \u2013 CELA \u2013 (Programa de P\u00f3s- Gradua\u00e7\u00e3o em Artes C\u00eanicas \u2013 PPGAC) ppg.acenicas@ufac.br USP &#8211; Escola de Comunica\u00e7\u00e3o e Artes &#8211; (Programa de P\u00f3s-gradua\u00e7\u00e3o em Artes C\u00eanicas)\u00a0ppgac@usp.br UDESC &#8211; Centro de Artes\u00a0 (Programa de P\u00f3s-gradua\u00e7\u00e3o em Teatro)\u00a0ppgt.ceart@udesc.br UFBA &#8211; Escola de Teatro &#8211; (Programa de P\u00f3s-gradua\u00e7\u00e3o em [&hellip;]","og_url":"http:\/\/portalabrace.org\/novo2022\/socios-institucionais\/","og_site_name":"Portal ABRACE","article_publisher":"https:\/\/www.facebook.com\/portalabrace.org\/","article_modified_time":"2022-10-29T22:58:42+00:00","twitter_card":"summary_large_image","twitter_misc":{"Est. tempo de leitura":"2 minutos"},"schema":{"@context":"https:\/\/schema.org","@graph":[{"@type":"WebPage","@id":"http:\/\/portalabrace.org\/novo2022\/socios-institucionais\/","url":"http:\/\/portalabrace.org\/novo2022\/socios-institucionais\/","name":"S\u00f3cios Institucionais - Portal ABRACE","isPartOf":{"@id":"http:\/\/portalabrace.org\/novo2022\/#website"},"datePublished":"2022-10-09T17:38:23+00:00","dateModified":"2022-10-29T22:58:42+00:00","breadcrumb":{"@id":"http:\/\/portalabrace.org\/novo2022\/socios-institucionais\/#breadcrumb"},"inLanguage":"pt-BR","potentialAction":[{"@type":"ReadAction","target":["http:\/\/portalabrace.org\/novo2022\/socios-institucionais\/"]}]},{"@type":"BreadcrumbList","@id":"http:\/\/portalabrace.org\/novo2022\/socios-institucionais\/#breadcrumb","itemListElement":[{"@type":"ListItem","position":1,"name":"In\u00edcio","item":"http:\/\/portalabrace.org\/novo2022\/"},{"@type":"ListItem","position":2,"name":"S\u00f3cios Institucionais"}]},{"@type":"WebSite","@id":"http:\/\/portalabrace.org\/novo2022\/#website","url":"http:\/\/portalabrace.org\/novo2022\/","name":"Portal ABRACE","description":"Associa\u00e7\u00e3o Brasileira de Pesquisa e P\u00f3s-gradua\u00e7\u00e3o em Artes C\u00eanicas","publisher":{"@id":"http:\/\/portalabrace.org\/novo2022\/#organization"},"potentialAction":[{"@type":"SearchAction","target":{"@type":"EntryPoint","urlTemplate":"http:\/\/portalabrace.org\/novo2022\/?s={search_term_string}"},"query-input":{"@type":"PropertyValueSpecification","valueRequired":true,"valueName":"search_term_string"}}],"inLanguage":"pt-BR"},{"@type":"Organization","@id":"http:\/\/portalabrace.org\/novo2022\/#organization","name":"Portal ABRACE","url":"http:\/\/portalabrace.org\/novo2022\/","logo":{"@type":"ImageObject","inLanguage":"pt-BR","@id":"http:\/\/portalabrace.org\/novo2022\/#\/schema\/logo\/image\/","url":"https:\/\/i0.wp.com\/portalabrace.org\/novo2022\/wp-content\/uploads\/2022\/12\/logo-abrace.png?fit=2962%2C616&ssl=1","contentUrl":"https:\/\/i0.wp.com\/portalabrace.org\/novo2022\/wp-content\/uploads\/2022\/12\/logo-abrace.png?fit=2962%2C616&ssl=1","width":2962,"height":616,"caption":"Portal ABRACE"},"image":{"@id":"http:\/\/portalabrace.org\/novo2022\/#\/schema\/logo\/image\/"},"sameAs":["https:\/\/www.facebook.com\/portalabrace.org\/","https:\/\/www.instagram.com\/portalabrace\/"]}]}},"jetpack-related-posts":[],"jetpack_sharing_enabled":true,"_links":{"self":[{"href":"https:\/\/portalabrace.org\/novo2022\/wp-json\/wp\/v2\/pages\/3554","targetHints":{"allow":["GET"]}}],"collection":[{"href":"https:\/\/portalabrace.org\/novo2022\/wp-json\/wp\/v2\/pages"}],"about":[{"href":"https:\/\/portalabrace.org\/novo2022\/wp-json\/wp\/v2\/types\/page"}],"author":[{"embeddable":true,"href":"https:\/\/portalabrace.org\/novo2022\/wp-json\/wp\/v2\/users\/1"}],"replies":[{"embeddable":true,"href":"https:\/\/portalabrace.org\/novo2022\/wp-json\/wp\/v2\/comments?post=3554"}],"version-history":[{"count":10,"href":"https:\/\/portalabrace.org\/novo2022\/wp-json\/wp\/v2\/pages\/3554\/revisions"}],"predecessor-version":[{"id":3738,"href":"https:\/\/portalabrace.org\/novo2022\/wp-json\/wp\/v2\/pages\/3554\/revisions\/3738"}],"wp:attachment":[{"href":"https:\/\/portalabrace.org\/novo2022\/wp-json\/wp\/v2\/media?parent=3554"}],"curies":[{"name":"wp","href":"https:\/\/api.w.org\/{rel}","templated":true}]}}