{"id":3576,"date":"2022-10-09T14:50:01","date_gmt":"2022-10-09T17:50:01","guid":{"rendered":"http:\/\/localhost\/portalabrace\/?page_id=3576"},"modified":"2022-12-02T19:34:52","modified_gmt":"2022-12-02T22:34:52","slug":"publicacoes-impressas","status":"publish","type":"page","link":"https:\/\/portalabrace.org\/novo2022\/publicacoes-impressas\/","title":{"rendered":"Publica\u00e7\u00f5es impressas"},"content":{"rendered":"\t\t<div data-elementor-type=\"wp-page\" data-elementor-id=\"3576\" class=\"elementor elementor-3576\" data-elementor-post-type=\"page\">\n\t\t\t\t<div class=\"elementor-element elementor-element-9caba56 e-flex e-con-boxed e-con e-parent\" data-id=\"9caba56\" data-element_type=\"container\" data-e-type=\"container\">\n\t\t\t\t\t<div class=\"e-con-inner\">\n\t\t\t\t<div class=\"elementor-element elementor-element-3a1451f elementor-widget__width-inherit elementor-invisible elementor-widget elementor-widget-text-editor\" data-id=\"3a1451f\" data-element_type=\"widget\" data-e-type=\"widget\" data-settings=\"{&quot;_animation&quot;:&quot;swing&quot;}\" data-widget_type=\"text-editor.default\">\n\t\t\t\t<div class=\"elementor-widget-container\">\n\t\t\t\t\t\t\t\t\t<a href=\"http:\/\/portalabrace.org\/impressos\/7_arte_corpo_pesquisa_na_cena_experiencia_expandida.pdf\" target=\"_blank\"><img fetchpriority=\"high\" decoding=\"async\" data-recalc-dims=\"1\" class=\"alignnone\" src=\"https:\/\/i0.wp.com\/portalabrace.org\/c2\/images\/memoriaabrace.jpg?resize=283%2C394\" target=\"_blank\" alt=\"memoriaabrace\" width=\"283\" height=\"394\" \/><\/a>\n<a href=\"http:\/\/portalabrace.org\/impressos\/6_mapas_e_percursos_estudos_de_cena.pdf\" target=\"_blank\"><img decoding=\"async\" data-recalc-dims=\"1\" class=\"alignnone\" src=\"https:\/\/i0.wp.com\/portalabrace.org\/c2\/images\/6_Mapas.jpg?resize=281%2C400\" alt=\"6 Mapas\" width=\"281\" height=\"400\" \/><\/a>\n<a href=\"http:\/\/portalabrace.org\/impressos\/5_tempos_de_memoria.pdf\" target=\"_blank\" rel=\"noopener noreferrer\"><img decoding=\"async\" data-recalc-dims=\"1\" src=\"https:\/\/i0.wp.com\/portalabrace.org\/impressos\/5_%20tempos.jpg?w=1290\" alt=\"\" \/><\/a>\n<a href=\"http:\/\/portalabrace.org\/impressos\/4_da_cena_contemporanea.pdf\" target=\"_blank\" rel=\"noopener noreferrer\"><img decoding=\"async\" data-recalc-dims=\"1\" class=\"alignnone\" src=\"https:\/\/i0.wp.com\/portalabrace.org\/impressos\/4_dacena.jpg?resize=267%2C400\" alt=\"\" width=\"267\" height=\"400\" \/><\/a>\t\t\t\t\t\t\t\t<\/div>\n\t\t\t\t<\/div>\n\t\t\t\t<div class=\"elementor-element elementor-element-f1889c9 elementor-widget__width-inherit elementor-invisible elementor-widget elementor-widget-text-editor\" data-id=\"f1889c9\" data-element_type=\"widget\" data-e-type=\"widget\" data-settings=\"{&quot;_animation&quot;:&quot;swing&quot;}\" data-widget_type=\"text-editor.default\">\n\t\t\t\t<div class=\"elementor-widget-container\">\n\t\t\t\t\t\t\t\t\t<a href=\"http:\/\/portalabrace.org\/impressos\/3_ensaios_em_cena.pdf\" target=\"_blank\" rel=\"noopener noreferrer\"><img decoding=\"async\" data-recalc-dims=\"1\" src=\"https:\/\/i0.wp.com\/portalabrace.org\/impressos\/3_Ensaios.jpg?w=1290\" alt=\"\" \/><\/a>\n<a href=\"http:\/\/portalabrace.org\/impressos\/2_arte_e_ciencia_abismo_de_rosas.pdf\" target=\"_blank\" rel=\"noopener noreferrer\"><img decoding=\"async\" data-recalc-dims=\"1\" src=\"https:\/\/i0.wp.com\/portalabrace.org\/impressos\/2_abismo%20de%20rosas.jpg?w=1290\" alt=\"\" \/><\/a>\n<a href=\"http:\/\/portalabrace.org\/impressos\/1_metodologias_de_pesquisa_em_artes_cenicas.pdf\" target=\"_blank\"><img loading=\"lazy\" decoding=\"async\" data-recalc-dims=\"1\" class=\"alignnone\" src=\"https:\/\/i0.wp.com\/portalabrace.org\/impressos\/1_Metodologias.jpg?resize=271%2C400\" alt=\"\" width=\"271\" height=\"400\" \/><\/a>\t\t\t\t\t\t\t\t<\/div>\n\t\t\t\t<\/div>\n\t\t\t\t\t<\/div>\n\t\t\t\t<\/div>\n\t\t\t\t<\/div>\n\t\t","protected":false},"excerpt":{"rendered":"","protected":false},"author":1,"featured_media":0,"parent":0,"menu_order":0,"comment_status":"closed","ping_status":"closed","template":"","meta":{"jetpack_post_was_ever_published":false,"footnotes":""},"class_list":["post-3576","page","type-page","status-publish","hentry"],"blocksy_meta":{"styles_descriptor":{"styles":{"desktop":"","tablet":"","mobile":""},"google_fonts":[],"version":6}},"yoast_head":"<!-- This site is optimized with the Yoast SEO plugin v27.2 - https:\/\/yoast.com\/product\/yoast-seo-wordpress\/ -->\n<title>Publica\u00e7\u00f5es impressas - Portal ABRACE<\/title>\n<meta name=\"robots\" content=\"index, follow, max-snippet:-1, max-image-preview:large, max-video-preview:-1\" \/>\n<link rel=\"canonical\" href=\"http:\/\/portalabrace.org\/novo2022\/publicacoes-impressas\/\" \/>\n<meta property=\"og:locale\" content=\"pt_BR\" \/>\n<meta property=\"og:type\" content=\"article\" \/>\n<meta property=\"og:title\" content=\"Publica\u00e7\u00f5es impressas - Portal ABRACE\" \/>\n<meta property=\"og:url\" content=\"http:\/\/portalabrace.org\/novo2022\/publicacoes-impressas\/\" \/>\n<meta property=\"og:site_name\" content=\"Portal ABRACE\" \/>\n<meta property=\"article:publisher\" content=\"https:\/\/www.facebook.com\/portalabrace.org\/\" \/>\n<meta property=\"article:modified_time\" content=\"2022-12-02T22:34:52+00:00\" \/>\n<meta property=\"og:image\" content=\"http:\/\/portalabrace.org\/c2\/images\/memoriaabrace.jpg\" \/>\n<meta name=\"twitter:card\" content=\"summary_large_image\" \/>\n<script type=\"application\/ld+json\" class=\"yoast-schema-graph\">{\"@context\":\"https:\/\/schema.org\",\"@graph\":[{\"@type\":\"WebPage\",\"@id\":\"http:\/\/portalabrace.org\/novo2022\/publicacoes-impressas\/\",\"url\":\"http:\/\/portalabrace.org\/novo2022\/publicacoes-impressas\/\",\"name\":\"Publica\u00e7\u00f5es impressas - Portal ABRACE\",\"isPartOf\":{\"@id\":\"http:\/\/portalabrace.org\/novo2022\/#website\"},\"primaryImageOfPage\":{\"@id\":\"http:\/\/portalabrace.org\/novo2022\/publicacoes-impressas\/#primaryimage\"},\"image\":{\"@id\":\"http:\/\/portalabrace.org\/novo2022\/publicacoes-impressas\/#primaryimage\"},\"thumbnailUrl\":\"http:\/\/portalabrace.org\/c2\/images\/memoriaabrace.jpg\",\"datePublished\":\"2022-10-09T17:50:01+00:00\",\"dateModified\":\"2022-12-02T22:34:52+00:00\",\"breadcrumb\":{\"@id\":\"http:\/\/portalabrace.org\/novo2022\/publicacoes-impressas\/#breadcrumb\"},\"inLanguage\":\"pt-BR\",\"potentialAction\":[{\"@type\":\"ReadAction\",\"target\":[\"http:\/\/portalabrace.org\/novo2022\/publicacoes-impressas\/\"]}]},{\"@type\":\"ImageObject\",\"inLanguage\":\"pt-BR\",\"@id\":\"http:\/\/portalabrace.org\/novo2022\/publicacoes-impressas\/#primaryimage\",\"url\":\"http:\/\/portalabrace.org\/c2\/images\/memoriaabrace.jpg\",\"contentUrl\":\"http:\/\/portalabrace.org\/c2\/images\/memoriaabrace.jpg\"},{\"@type\":\"BreadcrumbList\",\"@id\":\"http:\/\/portalabrace.org\/novo2022\/publicacoes-impressas\/#breadcrumb\",\"itemListElement\":[{\"@type\":\"ListItem\",\"position\":1,\"name\":\"In\u00edcio\",\"item\":\"http:\/\/portalabrace.org\/novo2022\/\"},{\"@type\":\"ListItem\",\"position\":2,\"name\":\"Publica\u00e7\u00f5es impressas\"}]},{\"@type\":\"WebSite\",\"@id\":\"http:\/\/portalabrace.org\/novo2022\/#website\",\"url\":\"http:\/\/portalabrace.org\/novo2022\/\",\"name\":\"Portal ABRACE\",\"description\":\"Associa\u00e7\u00e3o Brasileira de Pesquisa e P\u00f3s-gradua\u00e7\u00e3o em Artes C\u00eanicas\",\"publisher\":{\"@id\":\"http:\/\/portalabrace.org\/novo2022\/#organization\"},\"potentialAction\":[{\"@type\":\"SearchAction\",\"target\":{\"@type\":\"EntryPoint\",\"urlTemplate\":\"http:\/\/portalabrace.org\/novo2022\/?s={search_term_string}\"},\"query-input\":{\"@type\":\"PropertyValueSpecification\",\"valueRequired\":true,\"valueName\":\"search_term_string\"}}],\"inLanguage\":\"pt-BR\"},{\"@type\":\"Organization\",\"@id\":\"http:\/\/portalabrace.org\/novo2022\/#organization\",\"name\":\"Portal ABRACE\",\"url\":\"http:\/\/portalabrace.org\/novo2022\/\",\"logo\":{\"@type\":\"ImageObject\",\"inLanguage\":\"pt-BR\",\"@id\":\"http:\/\/portalabrace.org\/novo2022\/#\/schema\/logo\/image\/\",\"url\":\"https:\/\/i0.wp.com\/portalabrace.org\/novo2022\/wp-content\/uploads\/2022\/12\/logo-abrace.png?fit=2962%2C616&ssl=1\",\"contentUrl\":\"https:\/\/i0.wp.com\/portalabrace.org\/novo2022\/wp-content\/uploads\/2022\/12\/logo-abrace.png?fit=2962%2C616&ssl=1\",\"width\":2962,\"height\":616,\"caption\":\"Portal ABRACE\"},\"image\":{\"@id\":\"http:\/\/portalabrace.org\/novo2022\/#\/schema\/logo\/image\/\"},\"sameAs\":[\"https:\/\/www.facebook.com\/portalabrace.org\/\",\"https:\/\/www.instagram.com\/portalabrace\/\"]}]}<\/script>\n<!-- \/ Yoast SEO plugin. -->","yoast_head_json":{"title":"Publica\u00e7\u00f5es impressas - Portal ABRACE","robots":{"index":"index","follow":"follow","max-snippet":"max-snippet:-1","max-image-preview":"max-image-preview:large","max-video-preview":"max-video-preview:-1"},"canonical":"http:\/\/portalabrace.org\/novo2022\/publicacoes-impressas\/","og_locale":"pt_BR","og_type":"article","og_title":"Publica\u00e7\u00f5es impressas - Portal ABRACE","og_url":"http:\/\/portalabrace.org\/novo2022\/publicacoes-impressas\/","og_site_name":"Portal ABRACE","article_publisher":"https:\/\/www.facebook.com\/portalabrace.org\/","article_modified_time":"2022-12-02T22:34:52+00:00","og_image":[{"url":"http:\/\/portalabrace.org\/c2\/images\/memoriaabrace.jpg","type":"","width":"","height":""}],"twitter_card":"summary_large_image","schema":{"@context":"https:\/\/schema.org","@graph":[{"@type":"WebPage","@id":"http:\/\/portalabrace.org\/novo2022\/publicacoes-impressas\/","url":"http:\/\/portalabrace.org\/novo2022\/publicacoes-impressas\/","name":"Publica\u00e7\u00f5es impressas - Portal ABRACE","isPartOf":{"@id":"http:\/\/portalabrace.org\/novo2022\/#website"},"primaryImageOfPage":{"@id":"http:\/\/portalabrace.org\/novo2022\/publicacoes-impressas\/#primaryimage"},"image":{"@id":"http:\/\/portalabrace.org\/novo2022\/publicacoes-impressas\/#primaryimage"},"thumbnailUrl":"http:\/\/portalabrace.org\/c2\/images\/memoriaabrace.jpg","datePublished":"2022-10-09T17:50:01+00:00","dateModified":"2022-12-02T22:34:52+00:00","breadcrumb":{"@id":"http:\/\/portalabrace.org\/novo2022\/publicacoes-impressas\/#breadcrumb"},"inLanguage":"pt-BR","potentialAction":[{"@type":"ReadAction","target":["http:\/\/portalabrace.org\/novo2022\/publicacoes-impressas\/"]}]},{"@type":"ImageObject","inLanguage":"pt-BR","@id":"http:\/\/portalabrace.org\/novo2022\/publicacoes-impressas\/#primaryimage","url":"http:\/\/portalabrace.org\/c2\/images\/memoriaabrace.jpg","contentUrl":"http:\/\/portalabrace.org\/c2\/images\/memoriaabrace.jpg"},{"@type":"BreadcrumbList","@id":"http:\/\/portalabrace.org\/novo2022\/publicacoes-impressas\/#breadcrumb","itemListElement":[{"@type":"ListItem","position":1,"name":"In\u00edcio","item":"http:\/\/portalabrace.org\/novo2022\/"},{"@type":"ListItem","position":2,"name":"Publica\u00e7\u00f5es impressas"}]},{"@type":"WebSite","@id":"http:\/\/portalabrace.org\/novo2022\/#website","url":"http:\/\/portalabrace.org\/novo2022\/","name":"Portal ABRACE","description":"Associa\u00e7\u00e3o Brasileira de Pesquisa e P\u00f3s-gradua\u00e7\u00e3o em Artes C\u00eanicas","publisher":{"@id":"http:\/\/portalabrace.org\/novo2022\/#organization"},"potentialAction":[{"@type":"SearchAction","target":{"@type":"EntryPoint","urlTemplate":"http:\/\/portalabrace.org\/novo2022\/?s={search_term_string}"},"query-input":{"@type":"PropertyValueSpecification","valueRequired":true,"valueName":"search_term_string"}}],"inLanguage":"pt-BR"},{"@type":"Organization","@id":"http:\/\/portalabrace.org\/novo2022\/#organization","name":"Portal ABRACE","url":"http:\/\/portalabrace.org\/novo2022\/","logo":{"@type":"ImageObject","inLanguage":"pt-BR","@id":"http:\/\/portalabrace.org\/novo2022\/#\/schema\/logo\/image\/","url":"https:\/\/i0.wp.com\/portalabrace.org\/novo2022\/wp-content\/uploads\/2022\/12\/logo-abrace.png?fit=2962%2C616&ssl=1","contentUrl":"https:\/\/i0.wp.com\/portalabrace.org\/novo2022\/wp-content\/uploads\/2022\/12\/logo-abrace.png?fit=2962%2C616&ssl=1","width":2962,"height":616,"caption":"Portal ABRACE"},"image":{"@id":"http:\/\/portalabrace.org\/novo2022\/#\/schema\/logo\/image\/"},"sameAs":["https:\/\/www.facebook.com\/portalabrace.org\/","https:\/\/www.instagram.com\/portalabrace\/"]}]}},"jetpack-related-posts":[],"jetpack_sharing_enabled":true,"_links":{"self":[{"href":"https:\/\/portalabrace.org\/novo2022\/wp-json\/wp\/v2\/pages\/3576","targetHints":{"allow":["GET"]}}],"collection":[{"href":"https:\/\/portalabrace.org\/novo2022\/wp-json\/wp\/v2\/pages"}],"about":[{"href":"https:\/\/portalabrace.org\/novo2022\/wp-json\/wp\/v2\/types\/page"}],"author":[{"embeddable":true,"href":"https:\/\/portalabrace.org\/novo2022\/wp-json\/wp\/v2\/users\/1"}],"replies":[{"embeddable":true,"href":"https:\/\/portalabrace.org\/novo2022\/wp-json\/wp\/v2\/comments?post=3576"}],"version-history":[{"count":25,"href":"https:\/\/portalabrace.org\/novo2022\/wp-json\/wp\/v2\/pages\/3576\/revisions"}],"predecessor-version":[{"id":4234,"href":"https:\/\/portalabrace.org\/novo2022\/wp-json\/wp\/v2\/pages\/3576\/revisions\/4234"}],"wp:attachment":[{"href":"https:\/\/portalabrace.org\/novo2022\/wp-json\/wp\/v2\/media?parent=3576"}],"curies":[{"name":"wp","href":"https:\/\/api.w.org\/{rel}","templated":true}]}}