{"id":3694,"date":"2022-10-28T17:46:00","date_gmt":"2022-10-28T20:46:00","guid":{"rendered":"https:\/\/portalabrace.org\/novo2022\/?page_id=3694"},"modified":"2025-11-11T12:56:08","modified_gmt":"2025-11-11T17:56:08","slug":"colaboradores","status":"publish","type":"page","link":"https:\/\/portalabrace.org\/novo2022\/colaboradores\/","title":{"rendered":"Colaboradores"},"content":{"rendered":"\t\t<div data-elementor-type=\"wp-page\" data-elementor-id=\"3694\" class=\"elementor elementor-3694\" data-elementor-post-type=\"page\">\n\t\t\t\t<div class=\"elementor-element elementor-element-86e75a6 e-flex e-con-boxed e-con e-parent\" data-id=\"86e75a6\" data-element_type=\"container\" data-e-type=\"container\">\n\t\t\t\t\t<div class=\"e-con-inner\">\n\t\t\t\t<div class=\"elementor-element elementor-element-8a40ac3 elementor-widget elementor-widget-text-editor\" data-id=\"8a40ac3\" data-element_type=\"widget\" data-e-type=\"widget\" data-widget_type=\"text-editor.default\">\n\t\t\t\t<div class=\"elementor-widget-container\">\n\t\t\t\t\t\t\t\t\t<table width=\"259\"><tbody><tr><td width=\"259\">Adriana Ferreira Bonfatti<\/td><\/tr><tr><td>Alda F\u00e1tima de souza<\/td><\/tr><tr><td>Ana Paula Lino de Jesus<\/td><\/tr><tr><td>Carla Dameane Pereira de Souza<\/td><\/tr><tr><td>Carminda Mendes Andr\u00e9<\/td><\/tr><tr><td>Ces\u00e1rio Augusto Pimentel de Alencar<\/td><\/tr><tr><td>Christina Gontijo Fornac<\/td><\/tr><tr><td>Cristiane Santos Barreto<\/td><\/tr><tr><td>Everton Lampe de araujo<\/td><\/tr><tr><td>Franciane Kanzelumuka Salgado de Paula<\/td><\/tr><tr><td>francisco andr\u00e9 sousa lima<\/td><\/tr><tr><td>Giselle Molon Cecchini<\/td><\/tr><tr><td>graziela correa de andrade<\/td><\/tr><tr><td>Gyl Giffony Araujo Moura<\/td><\/tr><tr><td>heleniara amorim moura<\/td><\/tr><tr><td>Heloisa Maria Lyra da Silva Bulc\u00e3o<\/td><\/tr><tr><td>Iassan\u00e3 Martins<\/td><\/tr><tr><td>JACKSON TEA<\/td><\/tr><tr><td>Karine Ramaldes Vieira<\/td><\/tr><tr><td>Lu\u00edsa Jacques de Moraes Dalgalarrondo<\/td><\/tr><tr><td>Ma\u00edra Gerstner<\/td><\/tr><tr><td>Maria JulIa Pascali<\/td><\/tr><tr><td>Maria Odette monteiro Teixeira<\/td><\/tr><tr><td>MARIANA CONDE RHORMENS LOPES<\/td><\/tr><tr><td>Marilia Ennes Becker<\/td><\/tr><tr><td>MELISSA DA SILVA FERREIRA<\/td><\/tr><tr><td>M\u00f4nica de \u00e1vila todaro<\/td><\/tr><tr><td>Natacha Dias<\/td><\/tr><tr><td>Osvanilton de Jesus Concei\u00e7\u00e3o<\/td><\/tr><tr><td>Paulina N\u00f3libos<\/td><\/tr><tr><td>Regilan Deusamar Barbosa Pereira<\/td><\/tr><tr><td>Renata Castanheira Halada<\/td><\/tr><tr><td>RICARDO PHILIPPI<\/td><\/tr><tr><td>Rossana Perdomini Della Costa Vellozo<\/td><\/tr><tr><td>Rute Bueno Caires<\/td><\/tr><tr><td>SANDRA REGINA VILCHEZ DA SILVA<\/td><\/tr><tr><td>Ta\u00edna ver\u00edssimo do nascimento<\/td><\/tr><\/tbody><\/table>\t\t\t\t\t\t\t\t<\/div>\n\t\t\t\t<\/div>\n\t\t\t\t\t<\/div>\n\t\t\t\t<\/div>\n\t\t\t\t<\/div>\n\t\t","protected":false},"excerpt":{"rendered":"<p>Adriana Ferreira Bonfatti Alda F\u00e1tima de souza Ana Paula Lino de Jesus Carla Dameane Pereira de Souza Carminda Mendes Andr\u00e9 Ces\u00e1rio Augusto Pimentel de Alencar Christina Gontijo Fornac Cristiane Santos Barreto Everton Lampe de araujo Franciane Kanzelumuka Salgado de Paula francisco andr\u00e9 sousa lima Giselle Molon Cecchini graziela correa de andrade Gyl Giffony Araujo Moura [&hellip;]<\/p>\n","protected":false},"author":1,"featured_media":0,"parent":0,"menu_order":0,"comment_status":"closed","ping_status":"closed","template":"","meta":{"jetpack_post_was_ever_published":false,"footnotes":""},"class_list":["post-3694","page","type-page","status-publish","hentry"],"blocksy_meta":{"styles_descriptor":{"styles":{"desktop":"","tablet":"","mobile":""},"google_fonts":[],"version":6}},"yoast_head":"<!-- This site is optimized with the Yoast SEO plugin v27.2 - https:\/\/yoast.com\/product\/yoast-seo-wordpress\/ -->\n<title>Colaboradores - Portal ABRACE<\/title>\n<meta name=\"robots\" content=\"index, follow, max-snippet:-1, max-image-preview:large, max-video-preview:-1\" \/>\n<link rel=\"canonical\" href=\"http:\/\/portalabrace.org\/novo2022\/colaboradores\/\" \/>\n<meta property=\"og:locale\" content=\"pt_BR\" \/>\n<meta property=\"og:type\" content=\"article\" \/>\n<meta property=\"og:title\" content=\"Colaboradores - Portal ABRACE\" \/>\n<meta property=\"og:description\" content=\"Adriana Ferreira Bonfatti Alda F\u00e1tima de souza Ana Paula Lino de Jesus Carla Dameane Pereira de Souza Carminda Mendes Andr\u00e9 Ces\u00e1rio Augusto Pimentel de Alencar Christina Gontijo Fornac Cristiane Santos Barreto Everton Lampe de araujo Franciane Kanzelumuka Salgado de Paula francisco andr\u00e9 sousa lima Giselle Molon Cecchini graziela correa de andrade Gyl Giffony Araujo Moura [&hellip;]\" \/>\n<meta property=\"og:url\" content=\"http:\/\/portalabrace.org\/novo2022\/colaboradores\/\" \/>\n<meta property=\"og:site_name\" content=\"Portal ABRACE\" \/>\n<meta property=\"article:publisher\" content=\"https:\/\/www.facebook.com\/portalabrace.org\/\" \/>\n<meta property=\"article:modified_time\" content=\"2025-11-11T17:56:08+00:00\" \/>\n<meta name=\"twitter:card\" content=\"summary_large_image\" \/>\n<meta name=\"twitter:label1\" content=\"Est. tempo de leitura\" \/>\n\t<meta name=\"twitter:data1\" content=\"1 minuto\" \/>\n<script type=\"application\/ld+json\" class=\"yoast-schema-graph\">{\"@context\":\"https:\/\/schema.org\",\"@graph\":[{\"@type\":\"WebPage\",\"@id\":\"http:\/\/portalabrace.org\/novo2022\/colaboradores\/\",\"url\":\"http:\/\/portalabrace.org\/novo2022\/colaboradores\/\",\"name\":\"Colaboradores - Portal ABRACE\",\"isPartOf\":{\"@id\":\"http:\/\/portalabrace.org\/novo2022\/#website\"},\"datePublished\":\"2022-10-28T20:46:00+00:00\",\"dateModified\":\"2025-11-11T17:56:08+00:00\",\"breadcrumb\":{\"@id\":\"http:\/\/portalabrace.org\/novo2022\/colaboradores\/#breadcrumb\"},\"inLanguage\":\"pt-BR\",\"potentialAction\":[{\"@type\":\"ReadAction\",\"target\":[\"http:\/\/portalabrace.org\/novo2022\/colaboradores\/\"]}]},{\"@type\":\"BreadcrumbList\",\"@id\":\"http:\/\/portalabrace.org\/novo2022\/colaboradores\/#breadcrumb\",\"itemListElement\":[{\"@type\":\"ListItem\",\"position\":1,\"name\":\"In\u00edcio\",\"item\":\"http:\/\/portalabrace.org\/novo2022\/\"},{\"@type\":\"ListItem\",\"position\":2,\"name\":\"Colaboradores\"}]},{\"@type\":\"WebSite\",\"@id\":\"http:\/\/portalabrace.org\/novo2022\/#website\",\"url\":\"http:\/\/portalabrace.org\/novo2022\/\",\"name\":\"Portal ABRACE\",\"description\":\"Associa\u00e7\u00e3o Brasileira de Pesquisa e P\u00f3s-gradua\u00e7\u00e3o em Artes C\u00eanicas\",\"publisher\":{\"@id\":\"http:\/\/portalabrace.org\/novo2022\/#organization\"},\"potentialAction\":[{\"@type\":\"SearchAction\",\"target\":{\"@type\":\"EntryPoint\",\"urlTemplate\":\"http:\/\/portalabrace.org\/novo2022\/?s={search_term_string}\"},\"query-input\":{\"@type\":\"PropertyValueSpecification\",\"valueRequired\":true,\"valueName\":\"search_term_string\"}}],\"inLanguage\":\"pt-BR\"},{\"@type\":\"Organization\",\"@id\":\"http:\/\/portalabrace.org\/novo2022\/#organization\",\"name\":\"Portal ABRACE\",\"url\":\"http:\/\/portalabrace.org\/novo2022\/\",\"logo\":{\"@type\":\"ImageObject\",\"inLanguage\":\"pt-BR\",\"@id\":\"http:\/\/portalabrace.org\/novo2022\/#\/schema\/logo\/image\/\",\"url\":\"https:\/\/i0.wp.com\/portalabrace.org\/novo2022\/wp-content\/uploads\/2022\/12\/logo-abrace.png?fit=2962%2C616&ssl=1\",\"contentUrl\":\"https:\/\/i0.wp.com\/portalabrace.org\/novo2022\/wp-content\/uploads\/2022\/12\/logo-abrace.png?fit=2962%2C616&ssl=1\",\"width\":2962,\"height\":616,\"caption\":\"Portal ABRACE\"},\"image\":{\"@id\":\"http:\/\/portalabrace.org\/novo2022\/#\/schema\/logo\/image\/\"},\"sameAs\":[\"https:\/\/www.facebook.com\/portalabrace.org\/\",\"https:\/\/www.instagram.com\/portalabrace\/\"]}]}<\/script>\n<!-- \/ Yoast SEO plugin. -->","yoast_head_json":{"title":"Colaboradores - Portal ABRACE","robots":{"index":"index","follow":"follow","max-snippet":"max-snippet:-1","max-image-preview":"max-image-preview:large","max-video-preview":"max-video-preview:-1"},"canonical":"http:\/\/portalabrace.org\/novo2022\/colaboradores\/","og_locale":"pt_BR","og_type":"article","og_title":"Colaboradores - Portal ABRACE","og_description":"Adriana Ferreira Bonfatti Alda F\u00e1tima de souza Ana Paula Lino de Jesus Carla Dameane Pereira de Souza Carminda Mendes Andr\u00e9 Ces\u00e1rio Augusto Pimentel de Alencar Christina Gontijo Fornac Cristiane Santos Barreto Everton Lampe de araujo Franciane Kanzelumuka Salgado de Paula francisco andr\u00e9 sousa lima Giselle Molon Cecchini graziela correa de andrade Gyl Giffony Araujo Moura [&hellip;]","og_url":"http:\/\/portalabrace.org\/novo2022\/colaboradores\/","og_site_name":"Portal ABRACE","article_publisher":"https:\/\/www.facebook.com\/portalabrace.org\/","article_modified_time":"2025-11-11T17:56:08+00:00","twitter_card":"summary_large_image","twitter_misc":{"Est. tempo de leitura":"1 minuto"},"schema":{"@context":"https:\/\/schema.org","@graph":[{"@type":"WebPage","@id":"http:\/\/portalabrace.org\/novo2022\/colaboradores\/","url":"http:\/\/portalabrace.org\/novo2022\/colaboradores\/","name":"Colaboradores - Portal ABRACE","isPartOf":{"@id":"http:\/\/portalabrace.org\/novo2022\/#website"},"datePublished":"2022-10-28T20:46:00+00:00","dateModified":"2025-11-11T17:56:08+00:00","breadcrumb":{"@id":"http:\/\/portalabrace.org\/novo2022\/colaboradores\/#breadcrumb"},"inLanguage":"pt-BR","potentialAction":[{"@type":"ReadAction","target":["http:\/\/portalabrace.org\/novo2022\/colaboradores\/"]}]},{"@type":"BreadcrumbList","@id":"http:\/\/portalabrace.org\/novo2022\/colaboradores\/#breadcrumb","itemListElement":[{"@type":"ListItem","position":1,"name":"In\u00edcio","item":"http:\/\/portalabrace.org\/novo2022\/"},{"@type":"ListItem","position":2,"name":"Colaboradores"}]},{"@type":"WebSite","@id":"http:\/\/portalabrace.org\/novo2022\/#website","url":"http:\/\/portalabrace.org\/novo2022\/","name":"Portal ABRACE","description":"Associa\u00e7\u00e3o Brasileira de Pesquisa e P\u00f3s-gradua\u00e7\u00e3o em Artes C\u00eanicas","publisher":{"@id":"http:\/\/portalabrace.org\/novo2022\/#organization"},"potentialAction":[{"@type":"SearchAction","target":{"@type":"EntryPoint","urlTemplate":"http:\/\/portalabrace.org\/novo2022\/?s={search_term_string}"},"query-input":{"@type":"PropertyValueSpecification","valueRequired":true,"valueName":"search_term_string"}}],"inLanguage":"pt-BR"},{"@type":"Organization","@id":"http:\/\/portalabrace.org\/novo2022\/#organization","name":"Portal ABRACE","url":"http:\/\/portalabrace.org\/novo2022\/","logo":{"@type":"ImageObject","inLanguage":"pt-BR","@id":"http:\/\/portalabrace.org\/novo2022\/#\/schema\/logo\/image\/","url":"https:\/\/i0.wp.com\/portalabrace.org\/novo2022\/wp-content\/uploads\/2022\/12\/logo-abrace.png?fit=2962%2C616&ssl=1","contentUrl":"https:\/\/i0.wp.com\/portalabrace.org\/novo2022\/wp-content\/uploads\/2022\/12\/logo-abrace.png?fit=2962%2C616&ssl=1","width":2962,"height":616,"caption":"Portal ABRACE"},"image":{"@id":"http:\/\/portalabrace.org\/novo2022\/#\/schema\/logo\/image\/"},"sameAs":["https:\/\/www.facebook.com\/portalabrace.org\/","https:\/\/www.instagram.com\/portalabrace\/"]}]}},"jetpack-related-posts":[],"jetpack_sharing_enabled":true,"_links":{"self":[{"href":"https:\/\/portalabrace.org\/novo2022\/wp-json\/wp\/v2\/pages\/3694","targetHints":{"allow":["GET"]}}],"collection":[{"href":"https:\/\/portalabrace.org\/novo2022\/wp-json\/wp\/v2\/pages"}],"about":[{"href":"https:\/\/portalabrace.org\/novo2022\/wp-json\/wp\/v2\/types\/page"}],"author":[{"embeddable":true,"href":"https:\/\/portalabrace.org\/novo2022\/wp-json\/wp\/v2\/users\/1"}],"replies":[{"embeddable":true,"href":"https:\/\/portalabrace.org\/novo2022\/wp-json\/wp\/v2\/comments?post=3694"}],"version-history":[{"count":17,"href":"https:\/\/portalabrace.org\/novo2022\/wp-json\/wp\/v2\/pages\/3694\/revisions"}],"predecessor-version":[{"id":5756,"href":"https:\/\/portalabrace.org\/novo2022\/wp-json\/wp\/v2\/pages\/3694\/revisions\/5756"}],"wp:attachment":[{"href":"https:\/\/portalabrace.org\/novo2022\/wp-json\/wp\/v2\/media?parent=3694"}],"curies":[{"name":"wp","href":"https:\/\/api.w.org\/{rel}","templated":true}]}}