{"id":3781,"date":"2022-10-29T20:19:08","date_gmt":"2022-10-29T23:19:08","guid":{"rendered":"http:\/\/portalabrace.org\/novo2022\/?page_id=3781"},"modified":"2026-03-09T14:25:53","modified_gmt":"2026-03-09T19:25:53","slug":"gt-artes-performativas-modos-de-percepcao-e-praticas-de-si","status":"publish","type":"page","link":"https:\/\/portalabrace.org\/novo2022\/gt-artes-performativas-modos-de-percepcao-e-praticas-de-si\/","title":{"rendered":"GT Artes Performativas, Modos de Percep\u00e7\u00e3o e Pr\u00e1ticas de Si"},"content":{"rendered":"\t\t<div data-elementor-type=\"wp-page\" data-elementor-id=\"3781\" class=\"elementor elementor-3781\" data-elementor-post-type=\"page\">\n\t\t\t\t<div class=\"elementor-element elementor-element-f67ab38 e-flex e-con-boxed e-con e-parent\" data-id=\"f67ab38\" data-element_type=\"container\" data-e-type=\"container\">\n\t\t\t\t\t<div class=\"e-con-inner\">\n\t\t\t\t<div class=\"elementor-element elementor-element-aadf10e elementor-widget elementor-widget-text-editor\" data-id=\"aadf10e\" data-element_type=\"widget\" data-e-type=\"widget\" data-widget_type=\"text-editor.default\">\n\t\t\t\t<div class=\"elementor-widget-container\">\n\t\t\t\t\t\t\t\t\t<p><b>Coordenador:<\/b> Luciano Matricardi (UEM)<\/p><p><b>Vice coordenadora:<\/b>Carla Andr\u00e9a Silva Lima (UFMG)<\/p><p><span style=\"font-weight: 400;\">Este grupo re\u00fane pesquisadores de diversas universidades brasileiras em torno de um campo emergente de investiga\u00e7\u00e3o, envolvendo o di\u00e1logo entre as artes da cena, saberes tradicionais, filosofia, antropologia, ci\u00eancias cognitivas e psican\u00e1lise. Compreendemos as artes performativas como um campo que vem elaborando conhecimentos te\u00f3rico-pr\u00e1ticos sobre diferentes modos de percep\u00e7\u00e3o e a\u00e7\u00e3o a partir de perspectivas transculturais e transdisciplinares. A percep\u00e7\u00e3o \u00e9 entendida aqui como dimens\u00e3o fundamental do fen\u00f4meno art\u00edstico.<\/span><\/p><p><span style=\"font-weight: 400;\">As pesquisas c\u00eanicas podem operar como contra-dispositivos aos regimes hegem\u00f4nicos de sensibilidade, que t\u00eam sofrido intensas transforma\u00e7\u00f5es desde o in\u00edcio do s\u00e9culo XX. H\u00e1 uma ampla bibliografia sobre os processos hist\u00f3ricos envolvidos no horizonte de investiga\u00e7\u00e3o proposto, dando suporte para a abordagem contextual das quest\u00f5es a serem tratadas.<\/span><\/p><p><span style=\"font-weight: 400;\">Interessa-nos, especialmente, as \u201cpr\u00e1ticas de si\u201d que incluem os exerc\u00edcios contemplativos. Artistas contempor\u00e2neos t\u00eam se utilizado de tais procedimentos e os transformando em dispositivos performativos. O termo contempla\u00e7\u00e3o \u00e9 compreendido aqui como uma qualidade espec\u00edfica de aten\u00e7\u00e3o, cultivada e desenvolvida por saberes tradicionais, como o Budismo e Yoga, por exemplo, e investigado de forma multidisciplinar.<\/span><\/p><p><span style=\"font-weight: 400;\">O grupo pretende aprofundar o estudo de tais saberes e seus desdobramentos poss\u00edveis no campo art\u00edstico, considerando suas implica\u00e7\u00f5es \u00e9ticas, pol\u00edticas, pedag\u00f3gicas e culturais.<\/span><\/p>\t\t\t\t\t\t\t\t<\/div>\n\t\t\t\t<\/div>\n\t\t\t\t\t<\/div>\n\t\t\t\t<\/div>\n\t\t\t\t<\/div>\n\t\t","protected":false},"excerpt":{"rendered":"<p>Coordenador: Luciano Matricardi (UEM) Vice coordenadora:Carla Andr\u00e9a Silva Lima (UFMG) Este grupo re\u00fane pesquisadores de diversas universidades brasileiras em torno de um campo emergente de investiga\u00e7\u00e3o, envolvendo o di\u00e1logo entre as artes da cena, saberes tradicionais, filosofia, antropologia, ci\u00eancias cognitivas e psican\u00e1lise. Compreendemos as artes performativas como um campo que vem elaborando conhecimentos te\u00f3rico-pr\u00e1ticos sobre [&hellip;]<\/p>\n","protected":false},"author":1,"featured_media":0,"parent":0,"menu_order":0,"comment_status":"closed","ping_status":"closed","template":"","meta":{"jetpack_post_was_ever_published":false,"footnotes":""},"class_list":["post-3781","page","type-page","status-publish","hentry"],"blocksy_meta":{"styles_descriptor":{"styles":{"desktop":"","tablet":"","mobile":""},"google_fonts":[],"version":6}},"yoast_head":"<!-- This site is optimized with the Yoast SEO plugin v27.2 - https:\/\/yoast.com\/product\/yoast-seo-wordpress\/ -->\n<title>GT Artes Performativas, Modos de Percep\u00e7\u00e3o e Pr\u00e1ticas de Si - Portal ABRACE<\/title>\n<meta name=\"robots\" content=\"index, follow, max-snippet:-1, max-image-preview:large, max-video-preview:-1\" \/>\n<link rel=\"canonical\" href=\"https:\/\/portalabrace.org\/novo2022\/gt-artes-performativas-modos-de-percepcao-e-praticas-de-si\/\" \/>\n<meta property=\"og:locale\" content=\"pt_BR\" \/>\n<meta property=\"og:type\" content=\"article\" \/>\n<meta property=\"og:title\" content=\"GT Artes Performativas, Modos de Percep\u00e7\u00e3o e Pr\u00e1ticas de Si - Portal ABRACE\" \/>\n<meta property=\"og:description\" content=\"Coordenador: Luciano Matricardi (UEM) Vice coordenadora:Carla Andr\u00e9a Silva Lima (UFMG) Este grupo re\u00fane pesquisadores de diversas universidades brasileiras em torno de um campo emergente de investiga\u00e7\u00e3o, envolvendo o di\u00e1logo entre as artes da cena, saberes tradicionais, filosofia, antropologia, ci\u00eancias cognitivas e psican\u00e1lise. Compreendemos as artes performativas como um campo que vem elaborando conhecimentos te\u00f3rico-pr\u00e1ticos sobre [&hellip;]\" \/>\n<meta property=\"og:url\" content=\"https:\/\/portalabrace.org\/novo2022\/gt-artes-performativas-modos-de-percepcao-e-praticas-de-si\/\" \/>\n<meta property=\"og:site_name\" content=\"Portal ABRACE\" \/>\n<meta property=\"article:publisher\" content=\"https:\/\/www.facebook.com\/portalabrace.org\/\" \/>\n<meta property=\"article:modified_time\" content=\"2026-03-09T19:25:53+00:00\" \/>\n<meta name=\"twitter:card\" content=\"summary_large_image\" \/>\n<meta name=\"twitter:label1\" content=\"Est. tempo de leitura\" \/>\n\t<meta name=\"twitter:data1\" content=\"2 minutos\" \/>\n<script type=\"application\/ld+json\" class=\"yoast-schema-graph\">{\"@context\":\"https:\/\/schema.org\",\"@graph\":[{\"@type\":\"WebPage\",\"@id\":\"https:\/\/portalabrace.org\/novo2022\/gt-artes-performativas-modos-de-percepcao-e-praticas-de-si\/\",\"url\":\"https:\/\/portalabrace.org\/novo2022\/gt-artes-performativas-modos-de-percepcao-e-praticas-de-si\/\",\"name\":\"GT Artes Performativas, Modos de Percep\u00e7\u00e3o e Pr\u00e1ticas de Si - Portal ABRACE\",\"isPartOf\":{\"@id\":\"http:\/\/portalabrace.org\/novo2022\/#website\"},\"datePublished\":\"2022-10-29T23:19:08+00:00\",\"dateModified\":\"2026-03-09T19:25:53+00:00\",\"breadcrumb\":{\"@id\":\"https:\/\/portalabrace.org\/novo2022\/gt-artes-performativas-modos-de-percepcao-e-praticas-de-si\/#breadcrumb\"},\"inLanguage\":\"pt-BR\",\"potentialAction\":[{\"@type\":\"ReadAction\",\"target\":[\"https:\/\/portalabrace.org\/novo2022\/gt-artes-performativas-modos-de-percepcao-e-praticas-de-si\/\"]}]},{\"@type\":\"BreadcrumbList\",\"@id\":\"https:\/\/portalabrace.org\/novo2022\/gt-artes-performativas-modos-de-percepcao-e-praticas-de-si\/#breadcrumb\",\"itemListElement\":[{\"@type\":\"ListItem\",\"position\":1,\"name\":\"In\u00edcio\",\"item\":\"http:\/\/portalabrace.org\/novo2022\/\"},{\"@type\":\"ListItem\",\"position\":2,\"name\":\"GT Artes Performativas, Modos de Percep\u00e7\u00e3o e Pr\u00e1ticas de Si\"}]},{\"@type\":\"WebSite\",\"@id\":\"http:\/\/portalabrace.org\/novo2022\/#website\",\"url\":\"http:\/\/portalabrace.org\/novo2022\/\",\"name\":\"Portal ABRACE\",\"description\":\"Associa\u00e7\u00e3o Brasileira de Pesquisa e P\u00f3s-gradua\u00e7\u00e3o em Artes C\u00eanicas\",\"publisher\":{\"@id\":\"http:\/\/portalabrace.org\/novo2022\/#organization\"},\"potentialAction\":[{\"@type\":\"SearchAction\",\"target\":{\"@type\":\"EntryPoint\",\"urlTemplate\":\"http:\/\/portalabrace.org\/novo2022\/?s={search_term_string}\"},\"query-input\":{\"@type\":\"PropertyValueSpecification\",\"valueRequired\":true,\"valueName\":\"search_term_string\"}}],\"inLanguage\":\"pt-BR\"},{\"@type\":\"Organization\",\"@id\":\"http:\/\/portalabrace.org\/novo2022\/#organization\",\"name\":\"Portal ABRACE\",\"url\":\"http:\/\/portalabrace.org\/novo2022\/\",\"logo\":{\"@type\":\"ImageObject\",\"inLanguage\":\"pt-BR\",\"@id\":\"http:\/\/portalabrace.org\/novo2022\/#\/schema\/logo\/image\/\",\"url\":\"https:\/\/i0.wp.com\/portalabrace.org\/novo2022\/wp-content\/uploads\/2022\/12\/logo-abrace.png?fit=2962%2C616&ssl=1\",\"contentUrl\":\"https:\/\/i0.wp.com\/portalabrace.org\/novo2022\/wp-content\/uploads\/2022\/12\/logo-abrace.png?fit=2962%2C616&ssl=1\",\"width\":2962,\"height\":616,\"caption\":\"Portal ABRACE\"},\"image\":{\"@id\":\"http:\/\/portalabrace.org\/novo2022\/#\/schema\/logo\/image\/\"},\"sameAs\":[\"https:\/\/www.facebook.com\/portalabrace.org\/\",\"https:\/\/www.instagram.com\/portalabrace\/\"]}]}<\/script>\n<!-- \/ Yoast SEO plugin. -->","yoast_head_json":{"title":"GT Artes Performativas, Modos de Percep\u00e7\u00e3o e Pr\u00e1ticas de Si - Portal ABRACE","robots":{"index":"index","follow":"follow","max-snippet":"max-snippet:-1","max-image-preview":"max-image-preview:large","max-video-preview":"max-video-preview:-1"},"canonical":"https:\/\/portalabrace.org\/novo2022\/gt-artes-performativas-modos-de-percepcao-e-praticas-de-si\/","og_locale":"pt_BR","og_type":"article","og_title":"GT Artes Performativas, Modos de Percep\u00e7\u00e3o e Pr\u00e1ticas de Si - Portal ABRACE","og_description":"Coordenador: Luciano Matricardi (UEM) Vice coordenadora:Carla Andr\u00e9a Silva Lima (UFMG) Este grupo re\u00fane pesquisadores de diversas universidades brasileiras em torno de um campo emergente de investiga\u00e7\u00e3o, envolvendo o di\u00e1logo entre as artes da cena, saberes tradicionais, filosofia, antropologia, ci\u00eancias cognitivas e psican\u00e1lise. Compreendemos as artes performativas como um campo que vem elaborando conhecimentos te\u00f3rico-pr\u00e1ticos sobre [&hellip;]","og_url":"https:\/\/portalabrace.org\/novo2022\/gt-artes-performativas-modos-de-percepcao-e-praticas-de-si\/","og_site_name":"Portal ABRACE","article_publisher":"https:\/\/www.facebook.com\/portalabrace.org\/","article_modified_time":"2026-03-09T19:25:53+00:00","twitter_card":"summary_large_image","twitter_misc":{"Est. tempo de leitura":"2 minutos"},"schema":{"@context":"https:\/\/schema.org","@graph":[{"@type":"WebPage","@id":"https:\/\/portalabrace.org\/novo2022\/gt-artes-performativas-modos-de-percepcao-e-praticas-de-si\/","url":"https:\/\/portalabrace.org\/novo2022\/gt-artes-performativas-modos-de-percepcao-e-praticas-de-si\/","name":"GT Artes Performativas, Modos de Percep\u00e7\u00e3o e Pr\u00e1ticas de Si - Portal ABRACE","isPartOf":{"@id":"http:\/\/portalabrace.org\/novo2022\/#website"},"datePublished":"2022-10-29T23:19:08+00:00","dateModified":"2026-03-09T19:25:53+00:00","breadcrumb":{"@id":"https:\/\/portalabrace.org\/novo2022\/gt-artes-performativas-modos-de-percepcao-e-praticas-de-si\/#breadcrumb"},"inLanguage":"pt-BR","potentialAction":[{"@type":"ReadAction","target":["https:\/\/portalabrace.org\/novo2022\/gt-artes-performativas-modos-de-percepcao-e-praticas-de-si\/"]}]},{"@type":"BreadcrumbList","@id":"https:\/\/portalabrace.org\/novo2022\/gt-artes-performativas-modos-de-percepcao-e-praticas-de-si\/#breadcrumb","itemListElement":[{"@type":"ListItem","position":1,"name":"In\u00edcio","item":"http:\/\/portalabrace.org\/novo2022\/"},{"@type":"ListItem","position":2,"name":"GT Artes Performativas, Modos de Percep\u00e7\u00e3o e Pr\u00e1ticas de Si"}]},{"@type":"WebSite","@id":"http:\/\/portalabrace.org\/novo2022\/#website","url":"http:\/\/portalabrace.org\/novo2022\/","name":"Portal ABRACE","description":"Associa\u00e7\u00e3o Brasileira de Pesquisa e P\u00f3s-gradua\u00e7\u00e3o em Artes C\u00eanicas","publisher":{"@id":"http:\/\/portalabrace.org\/novo2022\/#organization"},"potentialAction":[{"@type":"SearchAction","target":{"@type":"EntryPoint","urlTemplate":"http:\/\/portalabrace.org\/novo2022\/?s={search_term_string}"},"query-input":{"@type":"PropertyValueSpecification","valueRequired":true,"valueName":"search_term_string"}}],"inLanguage":"pt-BR"},{"@type":"Organization","@id":"http:\/\/portalabrace.org\/novo2022\/#organization","name":"Portal ABRACE","url":"http:\/\/portalabrace.org\/novo2022\/","logo":{"@type":"ImageObject","inLanguage":"pt-BR","@id":"http:\/\/portalabrace.org\/novo2022\/#\/schema\/logo\/image\/","url":"https:\/\/i0.wp.com\/portalabrace.org\/novo2022\/wp-content\/uploads\/2022\/12\/logo-abrace.png?fit=2962%2C616&ssl=1","contentUrl":"https:\/\/i0.wp.com\/portalabrace.org\/novo2022\/wp-content\/uploads\/2022\/12\/logo-abrace.png?fit=2962%2C616&ssl=1","width":2962,"height":616,"caption":"Portal ABRACE"},"image":{"@id":"http:\/\/portalabrace.org\/novo2022\/#\/schema\/logo\/image\/"},"sameAs":["https:\/\/www.facebook.com\/portalabrace.org\/","https:\/\/www.instagram.com\/portalabrace\/"]}]}},"jetpack-related-posts":[],"jetpack_sharing_enabled":true,"_links":{"self":[{"href":"https:\/\/portalabrace.org\/novo2022\/wp-json\/wp\/v2\/pages\/3781","targetHints":{"allow":["GET"]}}],"collection":[{"href":"https:\/\/portalabrace.org\/novo2022\/wp-json\/wp\/v2\/pages"}],"about":[{"href":"https:\/\/portalabrace.org\/novo2022\/wp-json\/wp\/v2\/types\/page"}],"author":[{"embeddable":true,"href":"https:\/\/portalabrace.org\/novo2022\/wp-json\/wp\/v2\/users\/1"}],"replies":[{"embeddable":true,"href":"https:\/\/portalabrace.org\/novo2022\/wp-json\/wp\/v2\/comments?post=3781"}],"version-history":[{"count":13,"href":"https:\/\/portalabrace.org\/novo2022\/wp-json\/wp\/v2\/pages\/3781\/revisions"}],"predecessor-version":[{"id":5827,"href":"https:\/\/portalabrace.org\/novo2022\/wp-json\/wp\/v2\/pages\/3781\/revisions\/5827"}],"wp:attachment":[{"href":"https:\/\/portalabrace.org\/novo2022\/wp-json\/wp\/v2\/media?parent=3781"}],"curies":[{"name":"wp","href":"https:\/\/api.w.org\/{rel}","templated":true}]}}